{"id":1723,"date":"2024-11-13T11:25:16","date_gmt":"2024-11-13T10:25:16","guid":{"rendered":"https:\/\/www.bianchicoffeesolutions.com\/privacy-policy\/"},"modified":"2025-01-20T17:01:07","modified_gmt":"2025-01-20T16:01:07","slug":"privacy-policy","status":"publish","type":"page","link":"https:\/\/bianchicoffeesolutions.com\/fr\/privacy-policy\/","title":{"rendered":"Privacy Policy"},"content":{"rendered":"<h5 class=\"wp-block-heading\">Informativa ex artt. 13 e 14, Reg. UE 2016\/679<\/h5>\n<p>La presente informativa \u00e8 redatta ai sensi e per gli effetti dell\u2019art. 13 del\u00a0<u>Regolamento UE 2016\/679<\/u>\u00a0(di seguito semplicemente \u201cRegolamento\u201d o \u201cGDPR\u201d) al fine di informarLa che i Suoi dati personali potranno essere raccolti e trattati nell\u2019ambito delle attivit\u00e0 di\u00a0<u>segnalazione di condotte illecite e comportamenti<\/u>\u00a0<u>sospetti di cui la S.V. \u00e8 venuto a conoscenza in ragione del rapporto di lavoro<\/u>\u00a0(di seguito semplicemente \u201csegnalazione whistleblowing\u201d) e che possano costituire una violazione delle norme che disciplinano le attivit\u00e0 di Bianchi Industry S.p.A..<\/p>\n<p>Il presente documento \u00e8 da intendersi integrativo di ulteriori informative gi\u00e0 consegnate alla S.V. (es. informativa ai dipendenti) e non reiterer\u00e0 il contenuto di esse.<\/p>\n<h6>1.\u00a0\u00a0\u00a0\u00a0\u00a0\u00a0 TITOLARE DEL TRATTAMENTO<\/h6>\n<p>Il Titolare del trattamento, da intendersi quale soggetto che definisce le modalit\u00e0 e le finalit\u00e0 del trattamento dei Suoi dati personali \u00e8 Bianchi Industry S.p.A. con sede legale in Verdellino (BG) Loc. Zingonia \u2013 Corso Africa 2\/3\/9. Per qualunque informazione inerente al trattamento dei dati personali da parte di Bianchi Industry S.p.A. pu\u00f2 effettuare apposita richiesta all\u2019indirizzo mail\u00a0<a href=\"mailto:info@bianchiindustry.com\">info@bianchiindustry.com<\/a>\u00a0oppure tramite posta raccomandata all\u2019indirizzo: Bianchi Industry S.p.A. \u2013 Corso Africa 2\/3\/9 \u2013 Loc. Zingonia \u2013 24040 Verdellino (BG).<\/p>\n<p>L\u2019Azienda ha nominato un DPO (Data Protection Officer \u2013 Responsabile della Protezione dei Dati) contattabile all\u2019indirizzo mail\u00a0<a href=\"mailto:dpo@bianchiindustry.com\">dpo@bianchiindustry.com<\/a><\/p>\n<h6>2.\u00a0\u00a0\u00a0\u00a0\u00a0\u00a0 FONTE DEI DATI TRATTATI<\/h6>\n<p>Le informazioni possono essere fornite:<\/p>\n<ul>\n<li>nella segnalazione, dal Segnalante;<\/li>\n<li>nel corso delle necessarie attivit\u00e0 istruttorie (a titolo esemplificativo, da fonti pubbliche, terzi intervistati, etc.);<\/li>\n<li>durante il processo di gestione della segnalazione;<\/li>\n<\/ul>\n<h6>3.\u00a0\u00a0\u00a0\u00a0\u00a0\u00a0 TIPOLOGIA DEI DATI TRATTATI<\/h6>\n<p>Qualora il Segnalante non decida di conservare l\u2019anonimato possono essere trattati dati personali allo stesso riferibili, nello specifico:<\/p>\n<ul>\n<li><u>dati anagrafici;<\/u><\/li>\n<li><u>dati di contatto;<\/u><\/li>\n<li>eventuali\u00a0<u>dati di natura particolare<\/u>\u00a0ai sensi dell\u2019art. 9 GDPR,\u00a0<em>in quanto idonei a rivelare uno stato generale di salute (assenze per malattia, maternit\u00e0, infortunio, etc.), l\u2019idoneit\u00e0 allo svolgimento di specifiche mansioni, l\u2019adesione ad un sindacato e\/o ad un partito politico, la titolarit\u00e0 di cariche pubbliche elettive o infine le convinzioni religiose;<\/em><\/li>\n<li><u>eventuali dati d. giudiziari<\/u>\u00a0ai sensi dell\u2019art. 10 GDPR in quanto relativi\u00a0<em>a condanne penali e a reati o a connesse misure di sicurezza;<\/em><\/li>\n<li>qualsiasi dato personale contenuto nell\u2019oggetto della segnalazione.<\/li>\n<\/ul>\n<p>A seguito della segnalazione possono essere trattati dati personali riferiti a terzi soggetti (potenziali autori di un illecito o di una irregolarit\u00e0 che rientrano tra quelle segnalabili o soggetti informati sui fatti), nello specifico:<\/p>\n<ul>\n<li><u>dati anagrafici;<\/u><\/li>\n<li><u>dati di contatto;<\/u><\/li>\n<li>eventuali\u00a0<u>dati di natura particolare<\/u>\u00a0ai sensi dell\u2019art. 9 GDPR,\u00a0<em>in quanto idonei a rivelare uno stato generale di salute (assenze per malattia, maternit\u00e0, infortunio, ), l\u2019idoneit\u00e0 allo svolgimento di\u00a0<\/em><em>specifiche mansioni, l\u2019adesione ad un sindacato e\/o ad un partito politico, la titolarit\u00e0 di cariche pubbliche elettive o infine le convinzioni religiose;<\/em><\/li>\n<li><u>eventuali dati d. giudiziari<\/u>\u00a0ai sensi dell\u2019art. 10 GDPR in quanto relativi\u00a0<em>a condanne penali e a reati o a connesse misure di sicurezza;<\/em><\/li>\n<li>qualsiasi dato personale contenuto nell\u2019oggetto della segnalazione;<br \/>\nI dati personali che dovessero emergere dalle successive attivit\u00e0 istruttorie;<\/li>\n<\/ul>\n<p><u>Saranno acquisiti i soli dati personali strettamente necessari e pertinenti al raggiungimento delle finalit\u00e0 di<\/u>\u00a0<u>seguito indicate, nel rispetto del principio di minimizzazione di cui all\u2019art. 5, comma 1, lett. c) GDPR.<\/u><\/p>\n<h6>4.\u00a0\u00a0\u00a0\u00a0\u00a0\u00a0 FINALIT\u00c0 E BASI GIURIDICHE DEL TRATTAMENTO<\/h6>\n<p>Il Titolare tratter\u00e0 i dati personali suindicati:<\/p>\n<ol>\n<li>Al fine di gestire e dare diligente seguito alle segnalazioni ricevute, ivi incluse le attivit\u00e0 di accertamento e le indagini interne legate alla verifica delle condotte oggetto di segnalazione e l\u2019instaurazione di procedimenti, anche disciplinari, nei limiti di quanto richiesto dalle norme applicabili. Inoltre, i dati personali potranno essere trattati per dare seguito a richieste da parte dell\u2019autorit\u00e0 amministrativa o giudiziaria competente e, pi\u00f9 in generale, dei soggetti pubblici nel rispetto delle formalit\u00e0 di legge. I dati saranno trattati, altres\u00ec, per prevenire e contrastare efficacemente comportamenti fraudolenti e condotte illecite o irregolari.<\/li>\n<\/ol>\n<p>Pertanto, la base giuridica che giustifica la liceit\u00e0 del trattamento \u00e8 rappresentata dalla necessit\u00e0 di\u00a0<u>adempiere ad obblighi di legge e di eseguire compiti di interesse pubblico cui \u00e8 sottoposto il Titolare del<\/u>\u00a0<u>trattamento e disposizioni di Autorit\u00e0 legittimate dalla legge<\/u>\u00a0[art. 6, par. 1, lett. c) ed e); art. 9, par. 2, lett. b) e g); art. 10 GDPR].<\/p>\n<p>Un eventuale disvelamento dell\u2019identit\u00e0 del soggetto segnalante a persone diverse da quelle competenti a ricevere o a dare seguito alle segnalazioni o comunque autorizzate avverr\u00e0 con\u00a0<u>il consenso espresso del<\/u>\u00a0<u>segnalante<\/u>\u00a0[art. 6, par. 1, lett. a) GDPR].<\/p>\n<ol start=\"2\">\n<li>Al fine di: i) soddisfare esigenze di controllo interno del Titolare e di monitoraggio dei rischi aziendali, nonch\u00e9 per l\u2019ottimizzazione e l\u2019efficientamento dei processi gestionali aziendali e amministrativi interni; ii) accertare, esercitare o difendere un diritto o un interesse legittimo del Titolare in ogni sede competente a garanzia dell\u2019esercizio del diritto di difesa ex art. 24 della Costituzione; iii) gestire la sicurezza informatica e tutelare il patrimonio e la sicurezza dei dati, l\u2019assistenza degli utenti e la manutenzione dei sistemi di sicurezza e protezione perimetrale dei log di traffico riguardanti le connessioni alla Piattaforma di\u00a0<em>whistleblowing\u00a0<\/em>registrati sui sistemi<\/li>\n<\/ol>\n<p>Pertanto, la base giuridica che giustifica la liceit\u00e0 del trattamento \u00e8 rappresentata dalla necessit\u00e0 di\u00a0<u>perseguire un legittimo interesse del Titolare<\/u>\u00a0[art. 6, par. 1, lett. f) GDPR].<\/p>\n<p>Il mancato consenso al trattamento dei dati per le finalit\u00e0 sopra indicate non consente al segnalante di trasmettere le segnalazioni Whistleblowing.<\/p>\n<p>Il conferimento dei dati comuni, quali ad esempio dati anagrafici o di contatto, da parte del segnalante deve intendersi volontario, essendo riconosciuta dalla legge la possibilit\u00e0 di effettuare una segnalazione in forma anonima (v. infra).<\/p>\n<h6>5.\u00a0\u00a0\u00a0\u00a0\u00a0\u00a0 SEGNALAZIONE IN FORMA ANONIMA<\/h6>\n<p>Qualora la S.V. si trovasse a dover trasmettere una segnalazione Whistleblowing, il conferimento dei Suoi dati personali dovr\u00e0 intendersi come assolutamente facoltativo.<\/p>\n<p>In caso di mancato conferimento dei dati, la segnalazione verr\u00e0 presa in considerazione purch\u00e9 supportata da elementi circostanziati e dettagliati; ci\u00f2 implica che verranno accettate e vagliate anche segnalazioni rese in forma anonima, dove per \u201canonima\u201d deve intendersi il loro essere prive di indicazioni circa l\u2019identit\u00e0 del segnalante.<\/p>\n<p>Con riferimento all\u2019identit\u00e0 del soggetto segnalato, il conferimento dei dati personali \u00e8 analogamente facoltativo ma, in difetto, si proceder\u00e0 a gestire la segnalazione solo in presenza di ulteriori elementi che consentano di individuare l\u2019autore del fatto contestato e di poter proseguire nelle opportune verifiche.<\/p>\n<p>Nell\u2019eventualit\u00e0 in cui Lei abbia deciso di rivelare spontaneamente la Sua identit\u00e0 nella segnalazione Whistleblowing, i Suoi dati verranno trattati solo da personale espressamente autorizzato all\u2019espletamento di tale attivit\u00e0 e vincolato da rigidi impegni alla riservatezza, sia in merito alle Sue generalit\u00e0, che al contenuto della segnalazione.<\/p>\n<p>\u00c8 in ogni caso fatta salva la condivisione del contenuto della segnalazione con determinati soggetti espressamente individuati dalla legge (v. infra p.to 6 \u2013 c).<\/p>\n<h6>6.\u00a0\u00a0\u00a0\u00a0\u00a0\u00a0 DESTINATARI E COMUNICAZIONE DEI DATI<\/h6>\n<p>Tutti i dati personali inclusi nella segnalazione, ivi inclusi i Suoi dati personali, e, pi\u00f9 in generale, la documentazione prodotta a supporto della stessa, non saranno oggetto di diffusione, fatta salva l\u2019ipotesi in cui la comunicazione o diffusione sia richiesta in conformit\u00e0 alla legge, da soggetti pubblici per finalit\u00e0 di difesa, sicurezza o prevenzione, accertamento o repressione di reati.<\/p>\n<p>Nello svolgimento della propria attivit\u00e0 e per il perseguimento delle finalit\u00e0 di cui al precedente p.to 3, i dati potrebbero essere condivisi nella misura strettamente necessaria con alcuni soggetti terzi, qualora esigenze istruttorie richiedano che Bianchi Industry S.p.A. li metta a conoscenza del contenuto della segnalazione o del contenuto della documentazione allegata.<\/p>\n<p>Tutti i soggetti in questione, di seguito elencati, sono formalmente autorizzati al trattamento e a ci\u00f2 opportunamente istruiti e formati, nonch\u00e9 vincolati all\u2019obbligo di segretezza in merito alle informazioni di ogni genere apprese in occasione delle segnalazioni Whistleblowing.<\/p>\n<p>I soggetti in questione sono:<\/p>\n<ol>\n<li>L\u2019Organismo di Vigilanza ed ogni altra persona che opera sotto la sua autorit\u00e0, debitamente autorizzata al trattamento secondo il disposto dell\u2019art. 2-quaterdecies, D.lgs. 196\/2003;<\/li>\n<li>fornitori e consulenti esterni, con i quali Bianchi Industry S.p.A. ha stipulato accordi ex art. 28 GDPR per il trattamento dei dati e che pertanto agiscono in qualit\u00e0 di responsabili del trattamento fornendo supporto alla Societ\u00e0 relativamente alle attivit\u00e0 di gestione della segnalazione Whistleblowing;<\/li>\n<li>soggetti, enti o autorit\u00e0 a cui sia obbligatorio comunicare i Suoi dati personali in ragione di disposizioni di legge o di ordini delle autorit\u00e0. Tali soggetti sono tutti titolari autonomi del<\/li>\n<\/ol>\n<h6>7.\u00a0\u00a0\u00a0\u00a0\u00a0\u00a0 MODALITA\u2019 DI TRATTAMENTO<\/h6>\n<p>Le informazioni come sopra individuate vengono trattate dai membri dell\u2019Organismo di Vigilanza, composto da soggetti appositamente nominati in qualit\u00e0 di soggetti autorizzati e a tal fine adeguatamente formati.<\/p>\n<p>La raccolta dei dati avviene con modalit\u00e0 informatiche e analogiche, secondo quanto definito nel Protocollo Whistleblowing, in modo da garantire la riservatezza dei segnalanti e degli eventuali altri soggetti coinvolti e la confidenzialit\u00e0 delle informazioni presenti all\u2019interno delle segnalazioni.<\/p>\n<p>Il trattamento dei dati personali avverr\u00e0 in maniera lecita, corretta e trasparente, nel rispetto di ogni vigente normativa e con modalit\u00e0 bilanciate rispetto ai differenti interessi coinvolti.<\/p>\n<p>I dati saranno raccolti e registrati per scopi determinati espliciti e legittimi, ovverosia al solo fine di gestire e dare seguito alle segnalazioni ricevute; i dati personali manifestamente inutili al trattamento della segnalazione non verranno raccolti o, se raccolti accidentalmente, saranno cancellati senza indugio.<\/p>\n<p>Il Titolare assicura che i dati siano esatti e, se necessario, ne dispone l\u2019aggiornamento; assicura altres\u00ec l\u2019adozione di tutte le misure ragionevoli per cancellare o rettificare tempestivamente i dati inesatti relativi alla specifica segnalazione da gestire.<\/p>\n<p>Il trattamento dei dati avverr\u00e0 tramite supporti e strumenti informatici e analogici con modalit\u00e0 e tempistiche strettamente necessarie a conseguire gli scopi per cui sono stati raccolti. Bianchi Industry<\/p>\n<p>S.p.A. impiega adeguate misure di sicurezza organizzative, tecniche e fisiche idonee a tutelare le informazioni da possibili alterazioni, distruzione, perdita, furto, utilizzo improprio o illegittimo.<\/p>\n<h6>8.\u00a0\u00a0\u00a0\u00a0\u00a0\u00a0 TRASFERIMENTO DATI ALL\u2018ESTERO<\/h6>\n<p>Il Titolare del trattamento non trasferisce i dati personali in Paesi terzi. Nel caso in cui si rendesse necessario un trasferimento di dati extra UE, la Societ\u00e0 verificher\u00e0 che i fornitori prestino garanzie adeguate, cos\u00ec come previsto dagli artt. 44 e seguenti GDPR.<\/p>\n<p>L\u2019elenco completo e aggiornato dei destinatari dei dati potr\u00e0 essere richiesto al Titolare ovvero al DPO ai recapiti sopra indicati.<\/p>\n<h6>9.\u00a0\u00a0\u00a0\u00a0\u00a0\u00a0 TEMPI DI CONSERVAZIONE DEI DATI<\/h6>\n<p>I dati personali raccolti saranno conservati per il tempo strettamente necessario ad espletare le finalit\u00e0 gi\u00e0 indicate nei precedenti paragrafi e comunque non oltre cinque anni a decorrere dalla data della comunicazione dell\u2019esito finale della segnalazione, salvo il caso una conservazione ulteriore si renda necessaria in virt\u00f9 di obblighi previsti dalla legge (ad esempio, nel caso in cui sia in corso un procedimento giudiziario o disciplinare, fino alla conclusione dello stesso). Il Titolare, giunto tale termine, provveder\u00e0 alla cancellazione dei dati personali.<\/p>\n<h6>10.\u00a0\u00a0 DIRITTI DELL\u2019INTERESSATO<\/h6>\n<p>Gli interessati, in via generale e previa prova della propria identit\u00e0, hanno il diritto di chiedere al Titolare, in qualunque momento:<\/p>\n<ul>\n<li>La conferma dell\u2019esistenza o meno di un trattamento dei dati forniti, le finalit\u00e0, le categorie di dati trattati, i destinatari, il periodo di conservazione e, ove applicabile, la fonte di essi (art. 15, GDPR). La persona oggetto di segnalazione Whistleblowing non ha la facolt\u00e0 di esercitare questo diritto;<\/li>\n<li>La rettifica senza ingiustificato ritardo dei Suoi dati personali inesatti e l\u2019integrazione di quelli incompleti (art. 16, GDPR);<\/li>\n<li>La cancellazione senza ingiustificato ritardo dei Suoi dati (art. 17, GDPR);<\/li>\n<li>La limitazione del trattamento dei Suoi dati art. 18, GDPR qualora, ad esempio, ritenga che il trattamento operato da Bianchi Industry S.p.A. sia illecito e\/o inappropriato;<\/li>\n<li>La portabilit\u00e0 dei Suoi dati ex art. 20, GDPR, ove applicabile. Dietro Sua espressa richiesta le verr\u00e0 fornito l\u2019elenco dei dati personali che La riguardano, in un formato strutturato, di uso comune e leggibile da dispositivo automatico (es. file excel);<\/li>\n<li>La revoca del consenso eventualmente fornito per qualsivoglia finalit\u00e0. Ci\u00f2 non pregiudica la liceit\u00e0 del trattamento, basato sul consenso, effettuato prima della richiesta;<\/li>\n<li>Di opporsi al trattamento dei Suoi dati personali ai sensi dell\u2019art. 21, GDPR;<\/li>\n<\/ul>\n<p>Con particolare riferimento all\u2019ultimo punto, il diritto di opporsi al trattamento effettuato sulla base del legittimo interesse della societ\u00e0 potr\u00e0 essere esercitato, secondo quanto previsto dall\u2019art. 21, co. 1 GDPR, esponendo gli specifici motivi connessi alla Sua situazione particolare sui quali si fonda l\u2019opposizione; in tali casi Bianchi Industry S.p.A. si asterr\u00e0 dal trattare ulteriormente i Suoi dati personali salvo che vi siano motivi legittimi cogenti per procedere al trattamento che prevalgono sui Suoi interessi, diritti e libert\u00e0, oppure per l\u2019accertamento, l\u2019esercizio o la difesa di un diritto in sede giudiziaria.<\/p>\n<p>La Sua richiesta verr\u00e0 evasa non oltre un mese dalla ricezione; il termine \u00e8 estendibile fino a un massimo di\u00a0<u>ulteriori due mesi<\/u>\u00a0nei casi di particolare complessit\u00e0.<\/p>\n<p>Bianchi Industry S.p.A. rappresenta che, ai sensi dell\u2019art. 2-undecies, D.Lgs. 196\/2003, i diritti sopra elencati\u00a0<u>non<\/u>\u00a0possono essere esercitati con richiesta al Titolare o con reclamo ex art. 77 GDPR, qualora dal loro esercizio possa derivare un pregiudizio effettivo e concreto alla riservatezza dell\u2019identit\u00e0 del soggetto che effettua una segnalazione Whistleblowing. Il pregiudizio verr\u00e0 valutato caso per caso in forma concreta. Bianchi Industry S.p.A. dichiara di volersi avvalere della suddetta limitazione solo qualora si tratti di una misura necessaria e proporzionata e che, in tale eventualit\u00e0, le verr\u00e0 comunicato in forma scritta e senza ritardo.<\/p>\n<p>In ogni caso, qualora ritenga che il trattamento dei Suoi dati personali sia contrario alla normativa vigente, l\u2019interessato ha:<\/p>\n<ul>\n<li>diritto di adire le competenti sedi giudiziarie ex art. 79 GDPR, fatti salvi i limiti di cui all\u2019art. 2-undecies, Lgs. 196\/2003;<\/li>\n<li><u>sempre<\/u>\u00a0diritto di proporre reclamo al Garante per la Protezione dei Dati Personali, quale autorit\u00e0 di controllo competente. Ulteriori informazioni in merito ai Suoi diritti sulla protezione dei dati personali sono reperibili sul sito web del Garante all\u2019indirizzo\u00a0<a href=\"http:\/\/www.garanteprivacy.it\/\">garanteprivacy.it<\/a><\/li>\n<\/ul>\n<p>15.12.2023<\/p>\n","protected":false},"excerpt":{"rendered":"<p>Informativa ex artt. 13 e 14, Reg. UE 2016\/679 La presente informativa \u00e8 redatta ai sensi e per gli effetti dell\u2019art. 13 del\u00a0Regolamento UE 2016\/679\u00a0(di seguito semplicemente \u201cRegolamento\u201d o \u201cGDPR\u201d) al fine di informarLa che i Suoi dati personali potranno essere raccolti e trattati nell\u2019ambito delle attivit\u00e0 di\u00a0segnalazione di condotte illecite e comportamenti\u00a0sospetti di cui [&hellip;]<\/p>\n","protected":false},"author":1,"featured_media":0,"parent":0,"menu_order":0,"comment_status":"closed","ping_status":"open","template":"","meta":{"_acf_changed":false,"inline_featured_image":false,"footnotes":""},"class_list":["post-1723","page","type-page","status-publish","hentry"],"acf":[],"yoast_head":"<!-- This site is optimized with the Yoast SEO plugin v24.1 - https:\/\/yoast.com\/wordpress\/plugins\/seo\/ -->\n<title>Privacy Policy - Bianchi Coffee Solutions<\/title>\n<meta name=\"robots\" content=\"noindex, follow\" \/>\n<meta property=\"og:locale\" content=\"fr_FR\" \/>\n<meta property=\"og:type\" content=\"article\" \/>\n<meta property=\"og:title\" content=\"Privacy Policy - Bianchi Coffee Solutions\" \/>\n<meta property=\"og:description\" content=\"Informativa ex artt. 13 e 14, Reg. UE 2016\/679 La presente informativa \u00e8 redatta ai sensi e per gli effetti dell\u2019art. 13 del\u00a0Regolamento UE 2016\/679\u00a0(di seguito semplicemente \u201cRegolamento\u201d o \u201cGDPR\u201d) al fine di informarLa che i Suoi dati personali potranno essere raccolti e trattati nell\u2019ambito delle attivit\u00e0 di\u00a0segnalazione di condotte illecite e comportamenti\u00a0sospetti di cui [&hellip;]\" \/>\n<meta property=\"og:url\" content=\"https:\/\/bianchicoffeesolutions.com\/fr\/privacy-policy\/\" \/>\n<meta property=\"og:site_name\" content=\"Bianchi Coffee Solutions\" \/>\n<meta property=\"article:modified_time\" content=\"2025-01-20T16:01:07+00:00\" \/>\n<meta name=\"twitter:card\" content=\"summary_large_image\" \/>\n<meta name=\"twitter:label1\" content=\"Dur\u00e9e de lecture estim\u00e9e\" \/>\n\t<meta name=\"twitter:data1\" content=\"12 minutes\" \/>\n<script type=\"application\/ld+json\" class=\"yoast-schema-graph\">{\"@context\":\"https:\/\/schema.org\",\"@graph\":[{\"@type\":\"WebPage\",\"@id\":\"https:\/\/bianchicoffeesolutions.com\/fr\/privacy-policy\/\",\"url\":\"https:\/\/bianchicoffeesolutions.com\/fr\/privacy-policy\/\",\"name\":\"Privacy Policy - Bianchi Coffee Solutions\",\"isPartOf\":{\"@id\":\"https:\/\/bianchicoffeesolutions.com\/en\/#website\"},\"datePublished\":\"2024-11-13T10:25:16+00:00\",\"dateModified\":\"2025-01-20T16:01:07+00:00\",\"breadcrumb\":{\"@id\":\"https:\/\/bianchicoffeesolutions.com\/fr\/privacy-policy\/#breadcrumb\"},\"inLanguage\":\"fr-FR\",\"potentialAction\":[{\"@type\":\"ReadAction\",\"target\":[\"https:\/\/bianchicoffeesolutions.com\/fr\/privacy-policy\/\"]}]},{\"@type\":\"BreadcrumbList\",\"@id\":\"https:\/\/bianchicoffeesolutions.com\/fr\/privacy-policy\/#breadcrumb\",\"itemListElement\":[{\"@type\":\"ListItem\",\"position\":1,\"name\":\"Home\",\"item\":\"https:\/\/bianchicoffeesolutions.com\/fr\/\"},{\"@type\":\"ListItem\",\"position\":2,\"name\":\"Privacy Policy\"}]},{\"@type\":\"WebSite\",\"@id\":\"https:\/\/bianchicoffeesolutions.com\/en\/#website\",\"url\":\"https:\/\/bianchicoffeesolutions.com\/en\/\",\"name\":\"Bianchi Coffee Solutions\",\"description\":\"\",\"potentialAction\":[{\"@type\":\"SearchAction\",\"target\":{\"@type\":\"EntryPoint\",\"urlTemplate\":\"https:\/\/bianchicoffeesolutions.com\/en\/?s={search_term_string}\"},\"query-input\":{\"@type\":\"PropertyValueSpecification\",\"valueRequired\":true,\"valueName\":\"search_term_string\"}}],\"inLanguage\":\"fr-FR\"}]}<\/script>\n<!-- \/ Yoast SEO plugin. -->","yoast_head_json":{"title":"Privacy Policy - Bianchi Coffee Solutions","robots":{"index":"noindex","follow":"follow"},"og_locale":"fr_FR","og_type":"article","og_title":"Privacy Policy - Bianchi Coffee Solutions","og_description":"Informativa ex artt. 13 e 14, Reg. UE 2016\/679 La presente informativa \u00e8 redatta ai sensi e per gli effetti dell\u2019art. 13 del\u00a0Regolamento UE 2016\/679\u00a0(di seguito semplicemente \u201cRegolamento\u201d o \u201cGDPR\u201d) al fine di informarLa che i Suoi dati personali potranno essere raccolti e trattati nell\u2019ambito delle attivit\u00e0 di\u00a0segnalazione di condotte illecite e comportamenti\u00a0sospetti di cui [&hellip;]","og_url":"https:\/\/bianchicoffeesolutions.com\/fr\/privacy-policy\/","og_site_name":"Bianchi Coffee Solutions","article_modified_time":"2025-01-20T16:01:07+00:00","twitter_card":"summary_large_image","twitter_misc":{"Dur\u00e9e de lecture estim\u00e9e":"12 minutes"},"schema":{"@context":"https:\/\/schema.org","@graph":[{"@type":"WebPage","@id":"https:\/\/bianchicoffeesolutions.com\/fr\/privacy-policy\/","url":"https:\/\/bianchicoffeesolutions.com\/fr\/privacy-policy\/","name":"Privacy Policy - Bianchi Coffee Solutions","isPartOf":{"@id":"https:\/\/bianchicoffeesolutions.com\/en\/#website"},"datePublished":"2024-11-13T10:25:16+00:00","dateModified":"2025-01-20T16:01:07+00:00","breadcrumb":{"@id":"https:\/\/bianchicoffeesolutions.com\/fr\/privacy-policy\/#breadcrumb"},"inLanguage":"fr-FR","potentialAction":[{"@type":"ReadAction","target":["https:\/\/bianchicoffeesolutions.com\/fr\/privacy-policy\/"]}]},{"@type":"BreadcrumbList","@id":"https:\/\/bianchicoffeesolutions.com\/fr\/privacy-policy\/#breadcrumb","itemListElement":[{"@type":"ListItem","position":1,"name":"Home","item":"https:\/\/bianchicoffeesolutions.com\/fr\/"},{"@type":"ListItem","position":2,"name":"Privacy Policy"}]},{"@type":"WebSite","@id":"https:\/\/bianchicoffeesolutions.com\/en\/#website","url":"https:\/\/bianchicoffeesolutions.com\/en\/","name":"Bianchi Coffee Solutions","description":"","potentialAction":[{"@type":"SearchAction","target":{"@type":"EntryPoint","urlTemplate":"https:\/\/bianchicoffeesolutions.com\/en\/?s={search_term_string}"},"query-input":{"@type":"PropertyValueSpecification","valueRequired":true,"valueName":"search_term_string"}}],"inLanguage":"fr-FR"}]}},"_links":{"self":[{"href":"https:\/\/bianchicoffeesolutions.com\/fr\/wp-json\/wp\/v2\/pages\/1723","targetHints":{"allow":["GET"]}}],"collection":[{"href":"https:\/\/bianchicoffeesolutions.com\/fr\/wp-json\/wp\/v2\/pages"}],"about":[{"href":"https:\/\/bianchicoffeesolutions.com\/fr\/wp-json\/wp\/v2\/types\/page"}],"author":[{"embeddable":true,"href":"https:\/\/bianchicoffeesolutions.com\/fr\/wp-json\/wp\/v2\/users\/1"}],"replies":[{"embeddable":true,"href":"https:\/\/bianchicoffeesolutions.com\/fr\/wp-json\/wp\/v2\/comments?post=1723"}],"version-history":[{"count":2,"href":"https:\/\/bianchicoffeesolutions.com\/fr\/wp-json\/wp\/v2\/pages\/1723\/revisions"}],"predecessor-version":[{"id":1888,"href":"https:\/\/bianchicoffeesolutions.com\/fr\/wp-json\/wp\/v2\/pages\/1723\/revisions\/1888"}],"wp:attachment":[{"href":"https:\/\/bianchicoffeesolutions.com\/fr\/wp-json\/wp\/v2\/media?parent=1723"}],"curies":[{"name":"wp","href":"https:\/\/api.w.org\/{rel}","templated":true}]}}