{"id":1771,"date":"2024-11-14T12:12:46","date_gmt":"2024-11-14T11:12:46","guid":{"rendered":"https:\/\/www.bianchicoffeesolutions.com\/lavora-con-noi\/"},"modified":"2024-12-11T09:59:49","modified_gmt":"2024-12-11T08:59:49","slug":"travailler-a-nos-cotes","status":"publish","type":"page","link":"https:\/\/bianchicoffeesolutions.com\/fr\/travailler-a-nos-cotes\/","title":{"rendered":"Travailler \u00e0 nos c\u00f4t\u00e9s"},"content":{"rendered":"<p>Remplissez le formulaire ou visitez notre profil\u00a0<a class=\"text-decoration-underline text-extra-dark-gray\" href=\"https:\/\/www.linkedin.com\/company\/bianchiindustry\/\" target=\"_blank\" rel=\"noopener\">Linkedin<\/a> pour voir les postes ouverts.<\/p>\n","protected":false},"excerpt":{"rendered":"<p>Remplissez le formulaire ou visitez notre profil\u00a0Linkedin pour voir les postes ouverts.<\/p>\n","protected":false},"author":1,"featured_media":828,"parent":0,"menu_order":0,"comment_status":"closed","ping_status":"closed","template":"page-lavora-con-noi.php","meta":{"_acf_changed":false,"inline_featured_image":false,"footnotes":""},"class_list":["post-1771","page","type-page","status-publish","has-post-thumbnail","hentry"],"acf":[],"yoast_head":"<!-- This site is optimized with the Yoast SEO plugin v24.1 - https:\/\/yoast.com\/wordpress\/plugins\/seo\/ -->\n<title>Travailler \u00e0 nos c\u00f4t\u00e9s - Bianchi Coffee Solutions<\/title>\n<meta name=\"description\" content=\"Lavora con Bianchi Coffee Solutions. Compila il form oppure visita il nostro profilo Linkedin per vedere le posizioni aperte.\" \/>\n<meta name=\"robots\" content=\"index, follow, max-snippet:-1, max-image-preview:large, max-video-preview:-1\" \/>\n<link rel=\"canonical\" href=\"https:\/\/bianchicoffeesolutions.com\/fr\/travailler-a-nos-cotes\/\" \/>\n<meta property=\"og:locale\" content=\"fr_FR\" \/>\n<meta property=\"og:type\" content=\"article\" \/>\n<meta property=\"og:title\" content=\"Travailler \u00e0 nos c\u00f4t\u00e9s - Bianchi Coffee Solutions\" \/>\n<meta property=\"og:description\" content=\"Lavora con Bianchi Coffee Solutions. Compila il form oppure visita il nostro profilo Linkedin per vedere le posizioni aperte.\" \/>\n<meta property=\"og:url\" content=\"https:\/\/bianchicoffeesolutions.com\/fr\/travailler-a-nos-cotes\/\" \/>\n<meta property=\"og:site_name\" content=\"Bianchi Coffee Solutions\" \/>\n<meta property=\"article:modified_time\" content=\"2024-12-11T08:59:49+00:00\" \/>\n<meta property=\"og:image\" content=\"https:\/\/bianchicoffeesolutions.com\/wp-content\/uploads\/2024\/11\/iStock-1324834639-ridimensionata2-scaled-1.jpg\" \/>\n\t<meta property=\"og:image:width\" content=\"2560\" \/>\n\t<meta property=\"og:image:height\" content=\"1130\" \/>\n\t<meta property=\"og:image:type\" content=\"image\/jpeg\" \/>\n<meta name=\"twitter:card\" content=\"summary_large_image\" \/>\n<meta name=\"twitter:label1\" content=\"Dur\u00e9e de lecture estim\u00e9e\" \/>\n\t<meta name=\"twitter:data1\" content=\"1 minute\" \/>\n<script type=\"application\/ld+json\" class=\"yoast-schema-graph\">{\"@context\":\"https:\/\/schema.org\",\"@graph\":[{\"@type\":\"WebPage\",\"@id\":\"https:\/\/bianchicoffeesolutions.com\/fr\/travailler-a-nos-cotes\/\",\"url\":\"https:\/\/bianchicoffeesolutions.com\/fr\/travailler-a-nos-cotes\/\",\"name\":\"Travailler \u00e0 nos c\u00f4t\u00e9s - Bianchi Coffee Solutions\",\"isPartOf\":{\"@id\":\"https:\/\/bianchicoffeesolutions.com\/en\/#website\"},\"primaryImageOfPage\":{\"@id\":\"https:\/\/bianchicoffeesolutions.com\/fr\/travailler-a-nos-cotes\/#primaryimage\"},\"image\":{\"@id\":\"https:\/\/bianchicoffeesolutions.com\/fr\/travailler-a-nos-cotes\/#primaryimage\"},\"thumbnailUrl\":\"https:\/\/bianchicoffeesolutions.com\/wp-content\/uploads\/2024\/11\/iStock-1324834639-ridimensionata2-scaled-1.jpg\",\"datePublished\":\"2024-11-14T11:12:46+00:00\",\"dateModified\":\"2024-12-11T08:59:49+00:00\",\"description\":\"Lavora con Bianchi Coffee Solutions. Compila il form oppure visita il nostro profilo Linkedin per vedere le posizioni aperte.\",\"breadcrumb\":{\"@id\":\"https:\/\/bianchicoffeesolutions.com\/fr\/travailler-a-nos-cotes\/#breadcrumb\"},\"inLanguage\":\"fr-FR\",\"potentialAction\":[{\"@type\":\"ReadAction\",\"target\":[\"https:\/\/bianchicoffeesolutions.com\/fr\/travailler-a-nos-cotes\/\"]}]},{\"@type\":\"ImageObject\",\"inLanguage\":\"fr-FR\",\"@id\":\"https:\/\/bianchicoffeesolutions.com\/fr\/travailler-a-nos-cotes\/#primaryimage\",\"url\":\"https:\/\/bianchicoffeesolutions.com\/wp-content\/uploads\/2024\/11\/iStock-1324834639-ridimensionata2-scaled-1.jpg\",\"contentUrl\":\"https:\/\/bianchicoffeesolutions.com\/wp-content\/uploads\/2024\/11\/iStock-1324834639-ridimensionata2-scaled-1.jpg\",\"width\":2560,\"height\":1130,\"caption\":\"lavora con bianchi coffee solutions\"},{\"@type\":\"BreadcrumbList\",\"@id\":\"https:\/\/bianchicoffeesolutions.com\/fr\/travailler-a-nos-cotes\/#breadcrumb\",\"itemListElement\":[{\"@type\":\"ListItem\",\"position\":1,\"name\":\"Home\",\"item\":\"https:\/\/bianchicoffeesolutions.com\/fr\/\"},{\"@type\":\"ListItem\",\"position\":2,\"name\":\"Travailler \u00e0 nos c\u00f4t\u00e9s\"}]},{\"@type\":\"WebSite\",\"@id\":\"https:\/\/bianchicoffeesolutions.com\/en\/#website\",\"url\":\"https:\/\/bianchicoffeesolutions.com\/en\/\",\"name\":\"Bianchi Coffee Solutions\",\"description\":\"\",\"potentialAction\":[{\"@type\":\"SearchAction\",\"target\":{\"@type\":\"EntryPoint\",\"urlTemplate\":\"https:\/\/bianchicoffeesolutions.com\/en\/?s={search_term_string}\"},\"query-input\":{\"@type\":\"PropertyValueSpecification\",\"valueRequired\":true,\"valueName\":\"search_term_string\"}}],\"inLanguage\":\"fr-FR\"}]}<\/script>\n<!-- \/ Yoast SEO plugin. -->","yoast_head_json":{"title":"Travailler \u00e0 nos c\u00f4t\u00e9s - Bianchi Coffee Solutions","description":"Lavora con Bianchi Coffee Solutions. Compila il form oppure visita il nostro profilo Linkedin per vedere le posizioni aperte.","robots":{"index":"index","follow":"follow","max-snippet":"max-snippet:-1","max-image-preview":"max-image-preview:large","max-video-preview":"max-video-preview:-1"},"canonical":"https:\/\/bianchicoffeesolutions.com\/fr\/travailler-a-nos-cotes\/","og_locale":"fr_FR","og_type":"article","og_title":"Travailler \u00e0 nos c\u00f4t\u00e9s - Bianchi Coffee Solutions","og_description":"Lavora con Bianchi Coffee Solutions. Compila il form oppure visita il nostro profilo Linkedin per vedere le posizioni aperte.","og_url":"https:\/\/bianchicoffeesolutions.com\/fr\/travailler-a-nos-cotes\/","og_site_name":"Bianchi Coffee Solutions","article_modified_time":"2024-12-11T08:59:49+00:00","og_image":[{"width":2560,"height":1130,"url":"https:\/\/bianchicoffeesolutions.com\/wp-content\/uploads\/2024\/11\/iStock-1324834639-ridimensionata2-scaled-1.jpg","type":"image\/jpeg"}],"twitter_card":"summary_large_image","twitter_misc":{"Dur\u00e9e de lecture estim\u00e9e":"1 minute"},"schema":{"@context":"https:\/\/schema.org","@graph":[{"@type":"WebPage","@id":"https:\/\/bianchicoffeesolutions.com\/fr\/travailler-a-nos-cotes\/","url":"https:\/\/bianchicoffeesolutions.com\/fr\/travailler-a-nos-cotes\/","name":"Travailler \u00e0 nos c\u00f4t\u00e9s - Bianchi Coffee Solutions","isPartOf":{"@id":"https:\/\/bianchicoffeesolutions.com\/en\/#website"},"primaryImageOfPage":{"@id":"https:\/\/bianchicoffeesolutions.com\/fr\/travailler-a-nos-cotes\/#primaryimage"},"image":{"@id":"https:\/\/bianchicoffeesolutions.com\/fr\/travailler-a-nos-cotes\/#primaryimage"},"thumbnailUrl":"https:\/\/bianchicoffeesolutions.com\/wp-content\/uploads\/2024\/11\/iStock-1324834639-ridimensionata2-scaled-1.jpg","datePublished":"2024-11-14T11:12:46+00:00","dateModified":"2024-12-11T08:59:49+00:00","description":"Lavora con Bianchi Coffee Solutions. Compila il form oppure visita il nostro profilo Linkedin per vedere le posizioni aperte.","breadcrumb":{"@id":"https:\/\/bianchicoffeesolutions.com\/fr\/travailler-a-nos-cotes\/#breadcrumb"},"inLanguage":"fr-FR","potentialAction":[{"@type":"ReadAction","target":["https:\/\/bianchicoffeesolutions.com\/fr\/travailler-a-nos-cotes\/"]}]},{"@type":"ImageObject","inLanguage":"fr-FR","@id":"https:\/\/bianchicoffeesolutions.com\/fr\/travailler-a-nos-cotes\/#primaryimage","url":"https:\/\/bianchicoffeesolutions.com\/wp-content\/uploads\/2024\/11\/iStock-1324834639-ridimensionata2-scaled-1.jpg","contentUrl":"https:\/\/bianchicoffeesolutions.com\/wp-content\/uploads\/2024\/11\/iStock-1324834639-ridimensionata2-scaled-1.jpg","width":2560,"height":1130,"caption":"lavora con bianchi coffee solutions"},{"@type":"BreadcrumbList","@id":"https:\/\/bianchicoffeesolutions.com\/fr\/travailler-a-nos-cotes\/#breadcrumb","itemListElement":[{"@type":"ListItem","position":1,"name":"Home","item":"https:\/\/bianchicoffeesolutions.com\/fr\/"},{"@type":"ListItem","position":2,"name":"Travailler \u00e0 nos c\u00f4t\u00e9s"}]},{"@type":"WebSite","@id":"https:\/\/bianchicoffeesolutions.com\/en\/#website","url":"https:\/\/bianchicoffeesolutions.com\/en\/","name":"Bianchi Coffee Solutions","description":"","potentialAction":[{"@type":"SearchAction","target":{"@type":"EntryPoint","urlTemplate":"https:\/\/bianchicoffeesolutions.com\/en\/?s={search_term_string}"},"query-input":{"@type":"PropertyValueSpecification","valueRequired":true,"valueName":"search_term_string"}}],"inLanguage":"fr-FR"}]}},"_links":{"self":[{"href":"https:\/\/bianchicoffeesolutions.com\/fr\/wp-json\/wp\/v2\/pages\/1771","targetHints":{"allow":["GET"]}}],"collection":[{"href":"https:\/\/bianchicoffeesolutions.com\/fr\/wp-json\/wp\/v2\/pages"}],"about":[{"href":"https:\/\/bianchicoffeesolutions.com\/fr\/wp-json\/wp\/v2\/types\/page"}],"author":[{"embeddable":true,"href":"https:\/\/bianchicoffeesolutions.com\/fr\/wp-json\/wp\/v2\/users\/1"}],"replies":[{"embeddable":true,"href":"https:\/\/bianchicoffeesolutions.com\/fr\/wp-json\/wp\/v2\/comments?post=1771"}],"version-history":[{"count":2,"href":"https:\/\/bianchicoffeesolutions.com\/fr\/wp-json\/wp\/v2\/pages\/1771\/revisions"}],"predecessor-version":[{"id":1794,"href":"https:\/\/bianchicoffeesolutions.com\/fr\/wp-json\/wp\/v2\/pages\/1771\/revisions\/1794"}],"wp:featuredmedia":[{"embeddable":true,"href":"https:\/\/bianchicoffeesolutions.com\/fr\/wp-json\/wp\/v2\/media\/828"}],"wp:attachment":[{"href":"https:\/\/bianchicoffeesolutions.com\/fr\/wp-json\/wp\/v2\/media?parent=1771"}],"curies":[{"name":"wp","href":"https:\/\/api.w.org\/{rel}","templated":true}]}}